{"id":4820,"date":"2020-09-17T15:30:55","date_gmt":"2020-09-17T13:30:55","guid":{"rendered":"https:\/\/gkc.eu\/?page_id=4820"},"modified":"2023-10-20T16:18:04","modified_gmt":"2023-10-20T14:18:04","slug":"werksstrukturen","status":"publish","type":"page","link":"https:\/\/gkc.eu\/de\/consulting\/werksstrukturen\/","title":{"rendered":"Werksstrukturen"},"content":{"rendered":"<p>[et_pb_section fb_built=&#8220;1&#8243; fullwidth=&#8220;on&#8220; disabled_on=&#8220;off|off|off&#8220; admin_label=&#8220;Hero&#8220; _builder_version=&#8220;4.6.2&#8243; background_color=&#8220;#1f1f1f&#8220; background_image=&#8220;https:\/\/gkc.eu\/de\/wp-content\/uploads\/2020\/09\/iStock-527876545_WEB.jpg&#8220; parallax=&#8220;on&#8220; custom_padding=&#8220;|||&#8220; animation_style=&#8220;fade&#8220; animation_duration=&#8220;1550ms&#8220; hover_enabled=&#8220;0&#8243; transparent_background=&#8220;on&#8220; sticky_enabled=&#8220;0&#8243;][et_pb_fullwidth_header title=&#8220;Werksstrukturen: &#8220; subhead=&#8220;Supply Chain Struktur&#8220; text_orientation=&#8220;center&#8220; header_scroll_down=&#8220;on&#8220; scroll_down_icon=&#8220;%%0%%&#8220; scroll_down_icon_color=&#8220;#ffffff&#8220; scroll_down_icon_size=&#8220;32px&#8220; background_overlay_color=&#8220;rgba(0,0,0,0.64)&#8220; subhead_font_color=&#8220;#bebebe&#8220; title_tablet=&#8220;Werksstrukturen: &#8220; title_phone=&#8220;Werksstrukturen: &#8220; title_last_edited=&#8220;on|tablet&#8220; subhead_tablet=&#8220;Supply Chain Struktur&#8220; subhead_phone=&#8220;Supply Chain Struktur&#8220; subhead_last_edited=&#8220;on|phone&#8220; button_two_text_last_edited=&#8220;off|desktop&#8220; content_tablet=&#8220;<\/p>\n<p>Volatile M\u00e4rkte mit gro\u00dfen Verwertungsverschiebungen erfordern eine Neubewertung der Supply Struktur: Rohstoffbasis, Verwertungsmix, Werks- und Logistikstruktur, Absatzm\u00e4rkte.<\/p>\n<p>Wie gro\u00df muss ein Werk sein? Skaleneffekte versus Verwertungsflexibilit\u00e4t. Wie sind die Abteilungen und Kapazit\u00e4ten zu konzipieren, wie werden Kuppelprodukte weiter verarbeitet (veredelt)?<\/p>\n<p>Flexibilit\u00e4t versus Kostenf\u00fchrerschaft. Wir unterst\u00fctzen Sie bei der Konzeption von Modellen, bei Optimierungs- und bei Wirtschaftlichkeitsberechnungen.<\/p>\n<p>&#8220; content_phone=&#8220;<\/p>\n<p>Volatile M\u00e4rkte mit gro\u00dfen Verwertungsverschiebungen erfordern eine Neubewertung der Supply Struktur: Rohstoffbasis, Verwertungsmix, Werks- und Logistikstruktur, Absatzm\u00e4rkte.<\/p>\n<p>&#8220; content_last_edited=&#8220;on|phone&#8220; content_max_width_tablet=&#8220;&#8220; content_max_width_phone=&#8220;&#8220; content_max_width_last_edited=&#8220;on|phone&#8220; _builder_version=&#8220;4.6.2&#8243; title_level=&#8220;h2&#8243; title_font=&#8220;Montserrat||||||||&#8220; title_text_color=&#8220;#bebebe&#8220; content_font=&#8220;Montserrat||||&#8220; content_text_color=&#8220;#bfbfbf&#8220; subhead_font=&#8220;Playfair Display||||||||&#8220; subhead_text_align=&#8220;center&#8220; subhead_text_color=&#8220;#ffffff&#8220; background_color=&#8220;rgba(255,255,255,0)&#8220; parallax=&#8220;on&#8220; parallax_method=&#8220;on&#8220; custom_button_one=&#8220;on&#8220; button_one_text_size=&#8220;15px&#8220; button_one_text_color=&#8220;#ffffff&#8220; button_one_border_width=&#8220;2px&#8220; button_one_border_color=&#8220;#ffffff&#8220; button_one_border_radius=&#8220;0px&#8220; button_one_letter_spacing=&#8220;1px&#8220; button_one_font=&#8220;Montserrat|||on|&#8220; custom_button_two=&#8220;on&#8220; button_two_text_size=&#8220;15px&#8220; button_two_text_color=&#8220;#ffffff&#8220; button_two_bg_color=&#8220;#c39d63&#8243; button_two_border_width=&#8220;2px&#8220; button_two_border_color=&#8220;#c39d63&#8243; button_two_border_radius=&#8220;0px&#8220; button_two_letter_spacing=&#8220;1px&#8220; button_two_font=&#8220;Montserrat|||on|&#8220; button_two_use_icon=&#8220;off&#8220; child_filter_brightness=&#8220;134%&#8220; child_mix_blend_mode=&#8220;soft-light&#8220; animation_style=&#8220;zoom&#8220; animation_duration=&#8220;950ms&#8220; animation_delay=&#8220;800ms&#8220; animation_intensity_zoom=&#8220;33%&#8220; animation_speed_curve=&#8220;ease&#8220; hover_enabled=&#8220;0&#8243; title_font_tablet=&#8220;&#8220; title_font_phone=&#8220;&#8220; title_font_last_edited=&#8220;on|phone&#8220; title_line_height_last_edited=&#8220;off|desktop&#8220; subhead_text_align_tablet=&#8220;center&#8220; subhead_text_align_phone=&#8220;&#8220; subhead_text_align_last_edited=&#8220;on|tablet&#8220; button_one_border_radius_hover=&#8220;0px&#8220; button_one_letter_spacing_hover=&#8220;1px&#8220; button_two_letter_spacing_hover=&#8220;1px&#8220; button_one_text_size__hover_enabled=&#8220;off&#8220; button_two_text_size__hover_enabled=&#8220;off&#8220; button_one_text_color__hover_enabled=&#8220;off&#8220; button_two_text_color__hover_enabled=&#8220;off&#8220; button_one_border_width__hover_enabled=&#8220;off&#8220; button_two_border_width__hover_enabled=&#8220;off&#8220; button_one_border_color__hover_enabled=&#8220;off&#8220; button_two_border_color__hover_enabled=&#8220;off&#8220; button_one_border_radius__hover_enabled=&#8220;on&#8220; button_one_border_radius__hover=&#8220;0px&#8220; button_two_border_radius__hover_enabled=&#8220;off&#8220; button_one_letter_spacing__hover_enabled=&#8220;on&#8220; button_one_letter_spacing__hover=&#8220;1px&#8220; button_two_letter_spacing__hover_enabled=&#8220;on&#8220; button_two_letter_spacing__hover=&#8220;1px&#8220; button_one_bg_color__hover_enabled=&#8220;off&#8220; button_two_bg_color__hover_enabled=&#8220;off&#8220; button_two_text__hover_enabled=&#8220;off|desktop&#8220; subhead__hover_enabled=&#8220;on|desktop&#8220; button_one_text__hover_enabled=&#8220;on|desktop&#8220; sticky_enabled=&#8220;0&#8243; background_enable_image=&#8220;off&#8220; header_fullscreen=&#8220;on&#8220; title_text_align=&#8220;center&#8220; content_text_align=&#8220;center&#8220;]<\/p>\n<p>Volatile M\u00e4rkte mit gro\u00dfen Verwertungsverschiebungen erfordern eine Neubewertung der Supply Struktur: Rohstoffbasis, Verwertungsmix, Werks- und Logistikstruktur, Absatzm\u00e4rkte.<\/p>\n<p>Wie gro\u00df muss ein Werk sein? Skaleneffekte versus Verwertungsflexibilit\u00e4t. Wie sind die Abteilungen und Kapazit\u00e4ten zu konzipieren, wie werden Kuppelprodukte weiter verarbeitet (veredelt)?<\/p>\n<p>Flexibilit\u00e4t versus Kostenf\u00fchrerschaft. Wir unterst\u00fctzen Sie bei der Konzeption von Modellen, bei Optimierungs- und bei Wirtschaftlichkeitsberechnungen.<\/p>\n<p>[\/et_pb_fullwidth_header][\/et_pb_section][et_pb_section fb_built=&#8220;1&#8243; fullwidth=&#8220;on&#8220; disabled_on=&#8220;off|on|on&#8220; _builder_version=&#8220;4.6.2&#8243; _module_preset=&#8220;default&#8220; background_color=&#8220;rgba(0,0,0,0.03)&#8220; background_color_phone=&#8220;#E4E3DE&#8220; background_last_edited=&#8220;on|phone&#8220; background_enable_color_phone=&#8220;on&#8220;][et_pb_fullwidth_header text_orientation=&#8220;center&#8220; background_overlay_color=&#8220;rgba(0,0,0,0)&#8220; subhead_font_color=&#8220;#bebebe&#8220; title_tablet=&#8220;&#8220; title_phone=&#8220;&#8220; title_last_edited=&#8220;on|phone&#8220; subhead_tablet=&#8220;&#8220; subhead_phone=&#8220;&#8220; subhead_last_edited=&#8220;on|desktop&#8220; button_two_text_last_edited=&#8220;off|desktop&#8220; content_tablet=&#8220;<\/p>\n<p>Wir beraten und unterst\u00fctzen Unternehmen bei der Strukturentwicklung, bei Potential- und Prozessanalysen, zur Effizienzsteigerung und zu F\u00fchrungsinformationssystemen.<\/p>\n<p>Von der Analyse und L\u00f6sungskonzepten bis zur operativen Umsetzung der empfohlenen Ma\u00dfnahmen. Dabei achten wir darauf nachvollziehbare Effizienz- und Transparenzsteigerungen zu erzielen.<\/p>\n<p>&#8220; content_phone=&#8220;<\/p>\n<p>Wie gro\u00df muss ein Werk sein? Skaleneffekte versus Verwertungsflexibilit\u00e4t. Wie sind die Abteilungen und Kapazit\u00e4ten zu konzipieren, wie werden Kuppelprodukte weiter verarbeitet (veredelt)?<\/p>\n<p>Flexibilit\u00e4t versus Kostenf\u00fchrerschaft. Wir unterst\u00fctzen Sie bei der Konzeption von Modellen, bei Optimierungs- und bei Wirtschaftlichkeitsberechnungen.<\/p>\n<p>&#8220; content_last_edited=&#8220;on|phone&#8220; content_max_width_tablet=&#8220;&#8220; content_max_width_phone=&#8220;&#8220; content_max_width_last_edited=&#8220;on|phone&#8220; _builder_version=&#8220;4.6.2&#8243; title_level=&#8220;h2&#8243; title_font=&#8220;Montserrat||||||||&#8220; title_text_align=&#8220;center&#8220; title_text_color=&#8220;#bebebe&#8220; content_font=&#8220;Montserrat||||&#8220; content_text_color=&#8220;#707070&#8243; subhead_font=&#8220;Playfair Display||||||||&#8220; subhead_text_align=&#8220;center&#8220; subhead_text_color=&#8220;#ffffff&#8220; background_enable_color=&#8220;off&#8220; background_enable_image=&#8220;off&#8220; custom_button_one=&#8220;on&#8220; button_one_text_size=&#8220;15px&#8220; button_one_text_color=&#8220;#ffffff&#8220; button_one_border_width=&#8220;2px&#8220; button_one_border_color=&#8220;#ffffff&#8220; button_one_border_radius=&#8220;0px&#8220; button_one_letter_spacing=&#8220;1px&#8220; button_one_font=&#8220;Montserrat|||on|&#8220; custom_button_two=&#8220;on&#8220; button_two_text_size=&#8220;15px&#8220; button_two_text_color=&#8220;#ffffff&#8220; button_two_bg_color=&#8220;#c39d63&#8243; button_two_border_width=&#8220;2px&#8220; button_two_border_color=&#8220;#c39d63&#8243; button_two_border_radius=&#8220;0px&#8220; button_two_letter_spacing=&#8220;1px&#8220; button_two_font=&#8220;Montserrat|||on|&#8220; button_two_use_icon=&#8220;off&#8220; background_layout=&#8220;light&#8220; module_alignment=&#8220;center&#8220; child_filter_brightness=&#8220;134%&#8220; child_mix_blend_mode=&#8220;soft-light&#8220; hover_enabled=&#8220;0&#8243; title_font_tablet=&#8220;&#8220; title_font_phone=&#8220;&#8220; title_font_last_edited=&#8220;on|phone&#8220; title_font_size_tablet=&#8220;&#8220; title_font_size_phone=&#8220;&#8220; title_font_size_last_edited=&#8220;on|desktop&#8220; title_line_height_last_edited=&#8220;off|desktop&#8220; content_font_size_tablet=&#8220;&#8220; content_font_size_phone=&#8220;&#8220; content_font_size_last_edited=&#8220;on|phone&#8220; subhead_text_align_tablet=&#8220;center&#8220; subhead_text_align_phone=&#8220;&#8220; subhead_text_align_last_edited=&#8220;on|desktop&#8220; subhead_font_size_tablet=&#8220;&#8220; subhead_font_size_phone=&#8220;&#8220; subhead_font_size_last_edited=&#8220;on|desktop&#8220; background_last_edited=&#8220;on|phone&#8220; background_enable_color_phone=&#8220;off&#8220; module_alignment_tablet=&#8220;center&#8220; module_alignment_phone=&#8220;center&#8220; module_alignment_last_edited=&#8220;on|tablet&#8220; button_one_border_radius_hover=&#8220;0px&#8220; button_one_letter_spacing_hover=&#8220;1px&#8220; button_two_letter_spacing_hover=&#8220;1px&#8220; button_one_text_size__hover_enabled=&#8220;off&#8220; button_two_text_size__hover_enabled=&#8220;off&#8220; button_one_text_color__hover_enabled=&#8220;off&#8220; button_two_text_color__hover_enabled=&#8220;off&#8220; button_one_border_width__hover_enabled=&#8220;off&#8220; button_two_border_width__hover_enabled=&#8220;off&#8220; button_one_border_color__hover_enabled=&#8220;off&#8220; button_two_border_color__hover_enabled=&#8220;off&#8220; button_one_border_radius__hover_enabled=&#8220;on&#8220; button_one_border_radius__hover=&#8220;0px&#8220; button_two_border_radius__hover_enabled=&#8220;off&#8220; button_one_letter_spacing__hover_enabled=&#8220;on&#8220; button_one_letter_spacing__hover=&#8220;1px&#8220; button_two_letter_spacing__hover_enabled=&#8220;on&#8220; button_two_letter_spacing__hover=&#8220;1px&#8220; button_one_bg_color__hover_enabled=&#8220;off&#8220; button_two_bg_color__hover_enabled=&#8220;off&#8220; button_two_text__hover_enabled=&#8220;off|desktop&#8220; subhead__hover_enabled=&#8220;on|desktop&#8220; sticky_enabled=&#8220;0&#8243;][\/et_pb_fullwidth_header][\/et_pb_section][et_pb_section fb_built=&#8220;1&#8243; fullwidth=&#8220;on&#8220; _builder_version=&#8220;4.4.1&#8243;][et_pb_fullwidth_header title=&#8220;Sie m\u00f6chten mehr erfahren?&#8220; header_scroll_down=&#8220;on&#8220; _builder_version=&#8220;4.6.2&#8243; title_text_align=&#8220;center&#8220; hover_enabled=&#8220;0&#8243; content_last_edited=&#8220;on|phone&#8220; sticky_enabled=&#8220;0&#8243; text_orientation=&#8220;center&#8220; content_text_align=&#8220;center&#8220;]<\/p>\n<p>Sie interessieren sich speziell f\u00fcr dieses Thema und w\u00fcnschen weitere Informationen \u00fcber Best Practise Erfahrungen, Analyse und Konzeption, Umsetzung mit der FELIX<sup>\u00ae<\/sup>-Software, kurzfristige und nachhaltige Effekte?<\/p>\n<p>Bitte kontaktieren Sie uns, wir informieren Sie gerne pers\u00f6nlich in einem Erstgespr\u00e4ch, auch Vor-Ort bei Ihnen.<\/p>\n<p>[\/et_pb_fullwidth_header][\/et_pb_section][et_pb_section fb_built=&#8220;1&#8243; _builder_version=&#8220;4.4.1&#8243;][et_pb_row _builder_version=&#8220;4.6.1&#8243; width_tablet=&#8220;80%&#8220; width_phone=&#8220;90%&#8220; width_last_edited=&#8220;on|phone&#8220; global_module=&#8220;4429&#8243;][et_pb_column type=&#8220;4_4&#8243; _builder_version=&#8220;4.4.1&#8243;][et_pb_contact_form email=&#8220;info@gkc.de&#8220; title=&#8220;Schreiben Sie uns!&#8220; custom_message=&#8220;Nachricht von: %%Name%%||et_pb_line_break_holder||E-mail: %%Email%%||et_pb_line_break_holder||||et_pb_line_break_holder||NACHRICHT||et_pb_line_break_holder||\u2013\u2013\u2013\u2013\u2013\u2013\u2013\u2013\u2013\u2013\u2013\u2013\u2013\u2013\u2013\u2013\u2013\u2013||et_pb_line_break_holder||||et_pb_line_break_holder||Branche: %%Branche%%||et_pb_line_break_holder||||et_pb_line_break_holder||%%Nachricht%%||et_pb_line_break_holder||||et_pb_line_break_holder||\u2013\u2013\u2013\u2013\u2013\u2013\u2013\u2013\u2013\u2013\u2013\u2013\u2013\u2013\u2013\u2013\u2013\u2013||et_pb_line_break_holder||&#8220; success_message=&#8220;Danke f\u00fcr Ihre Anfrage. Wir melden uns schnellstm\u00f6glich bei Ihnen!&#8220; submit_button_text=&#8220;Senden&#8220; _builder_version=&#8220;4.6.1&#8243; title_font_size=&#8220;21px&#8220;][et_pb_contact_field field_id=&#8220;Name&#8220; field_title=&#8220;Name*&#8220; _builder_version=&#8220;4.4.1&#8243; button_text_size__hover_enabled=&#8220;off&#8220; button_one_text_size__hover_enabled=&#8220;off&#8220; button_two_text_size__hover_enabled=&#8220;off&#8220; button_text_color__hover_enabled=&#8220;off&#8220; button_one_text_color__hover_enabled=&#8220;off&#8220; button_two_text_color__hover_enabled=&#8220;off&#8220; button_border_width__hover_enabled=&#8220;off&#8220; button_one_border_width__hover_enabled=&#8220;off&#8220; button_two_border_width__hover_enabled=&#8220;off&#8220; button_border_color__hover_enabled=&#8220;off&#8220; button_one_border_color__hover_enabled=&#8220;off&#8220; button_two_border_color__hover_enabled=&#8220;off&#8220; button_border_radius__hover_enabled=&#8220;off&#8220; button_one_border_radius__hover_enabled=&#8220;off&#8220; button_two_border_radius__hover_enabled=&#8220;off&#8220; button_letter_spacing__hover_enabled=&#8220;off&#8220; button_one_letter_spacing__hover_enabled=&#8220;off&#8220; button_two_letter_spacing__hover_enabled=&#8220;off&#8220; button_bg_color__hover_enabled=&#8220;off&#8220; button_one_bg_color__hover_enabled=&#8220;off&#8220; button_two_bg_color__hover_enabled=&#8220;off&#8220;][\/et_pb_contact_field][et_pb_contact_field field_id=&#8220;Email&#8220; field_title=&#8220;E-Mail-Adresse*&#8220; field_type=&#8220;email&#8220; _builder_version=&#8220;4.4.1&#8243; button_text_size__hover_enabled=&#8220;off&#8220; button_one_text_size__hover_enabled=&#8220;off&#8220; button_two_text_size__hover_enabled=&#8220;off&#8220; button_text_color__hover_enabled=&#8220;off&#8220; button_one_text_color__hover_enabled=&#8220;off&#8220; button_two_text_color__hover_enabled=&#8220;off&#8220; button_border_width__hover_enabled=&#8220;off&#8220; button_one_border_width__hover_enabled=&#8220;off&#8220; button_two_border_width__hover_enabled=&#8220;off&#8220; button_border_color__hover_enabled=&#8220;off&#8220; button_one_border_color__hover_enabled=&#8220;off&#8220; button_two_border_color__hover_enabled=&#8220;off&#8220; button_border_radius__hover_enabled=&#8220;off&#8220; button_one_border_radius__hover_enabled=&#8220;off&#8220; button_two_border_radius__hover_enabled=&#8220;off&#8220; button_letter_spacing__hover_enabled=&#8220;off&#8220; button_one_letter_spacing__hover_enabled=&#8220;off&#8220; button_two_letter_spacing__hover_enabled=&#8220;off&#8220; button_bg_color__hover_enabled=&#8220;off&#8220; button_one_bg_color__hover_enabled=&#8220;off&#8220; button_two_bg_color__hover_enabled=&#8220;off&#8220;][\/et_pb_contact_field][et_pb_contact_field field_id=&#8220;Branche&#8220; field_title=&#8220;Branche&#8220; max_length=&#8220;25&#8243; required_mark=&#8220;off&#8220; fullwidth_field=&#8220;on&#8220; _builder_version=&#8220;4.4.1&#8243; button_text_size__hover_enabled=&#8220;off&#8220; button_one_text_size__hover_enabled=&#8220;off&#8220; button_two_text_size__hover_enabled=&#8220;off&#8220; button_text_color__hover_enabled=&#8220;off&#8220; button_one_text_color__hover_enabled=&#8220;off&#8220; button_two_text_color__hover_enabled=&#8220;off&#8220; button_border_width__hover_enabled=&#8220;off&#8220; button_one_border_width__hover_enabled=&#8220;off&#8220; button_two_border_width__hover_enabled=&#8220;off&#8220; button_border_color__hover_enabled=&#8220;off&#8220; button_one_border_color__hover_enabled=&#8220;off&#8220; button_two_border_color__hover_enabled=&#8220;off&#8220; button_border_radius__hover_enabled=&#8220;off&#8220; button_one_border_radius__hover_enabled=&#8220;off&#8220; button_two_border_radius__hover_enabled=&#8220;off&#8220; button_letter_spacing__hover_enabled=&#8220;off&#8220; button_one_letter_spacing__hover_enabled=&#8220;off&#8220; button_two_letter_spacing__hover_enabled=&#8220;off&#8220; button_bg_color__hover_enabled=&#8220;off&#8220; button_one_bg_color__hover_enabled=&#8220;off&#8220; button_two_bg_color__hover_enabled=&#8220;off&#8220;][\/et_pb_contact_field][et_pb_contact_field field_id=&#8220;Nachricht&#8220; field_title=&#8220;Nachricht*&#8220; field_type=&#8220;text&#8220; fullwidth_field=&#8220;on&#8220; _builder_version=&#8220;4.4.1&#8243; button_text_size__hover_enabled=&#8220;off&#8220; button_one_text_size__hover_enabled=&#8220;off&#8220; button_two_text_size__hover_enabled=&#8220;off&#8220; button_text_color__hover_enabled=&#8220;off&#8220; button_one_text_color__hover_enabled=&#8220;off&#8220; button_two_text_color__hover_enabled=&#8220;off&#8220; button_border_width__hover_enabled=&#8220;off&#8220; button_one_border_width__hover_enabled=&#8220;off&#8220; button_two_border_width__hover_enabled=&#8220;off&#8220; button_border_color__hover_enabled=&#8220;off&#8220; button_one_border_color__hover_enabled=&#8220;off&#8220; button_two_border_color__hover_enabled=&#8220;off&#8220; button_border_radius__hover_enabled=&#8220;off&#8220; button_one_border_radius__hover_enabled=&#8220;off&#8220; button_two_border_radius__hover_enabled=&#8220;off&#8220; button_letter_spacing__hover_enabled=&#8220;off&#8220; button_one_letter_spacing__hover_enabled=&#8220;off&#8220; button_two_letter_spacing__hover_enabled=&#8220;off&#8220; button_bg_color__hover_enabled=&#8220;off&#8220; button_one_bg_color__hover_enabled=&#8220;off&#8220; button_two_bg_color__hover_enabled=&#8220;off&#8220;][\/et_pb_contact_field][et_pb_contact_field field_id=&#8220;Datenschutz&#8220; field_title=&#8220;Datenschutz&#8220; field_type=&#8220;checkbox&#8220; checkbox_options=&#8220;%91{%22value%22:%22Ich akzeptiere die %22,%22checked%22:0,%22dragID%22:-1,%22link_url%22:%22https:\/\/gkc.eu\/de\/datenschutz\/%22,%22link_text%22:%22Datenschutzerkl\u00e4rung%22}%93&#8243; fullwidth_field=&#8220;on&#8220; _builder_version=&#8220;4.4.1&#8243; _dynamic_attributes=&#8220;link_option_url&#8220; link_option_url=&#8220;@ET-DC@eyJkeW5hbWljIjp0cnVlLCJjb250ZW50IjoicG9zdF9saW5rX3VybF9wYWdlIiwic2V0dGluZ3MiOnsicG9zdF9pZCI6IjQ1MiJ9fQ==@&#8220; link_option_url_new_window=&#8220;on&#8220;][\/et_pb_contact_field][et_pb_contact_field field_id=&#8220;Einwilligung&#8220; field_title=&#8220;Einwilligung&#8220; field_type=&#8220;checkbox&#8220; checkbox_options=&#8220;%91{%22value%22:%22Ich stimme zu, dass meine Angaben und Daten zur Beantwortung meiner Anfrage elektronisch erhoben und gespeichert werden. Hinweis: Sie k\u00f6nnen Ihre Einwilligung jederzeit f\u00fcr die Zukunft per E-Mail widerrufen.%22,%22checked%22:0,%22dragID%22:-1,%22link_url%22:%22%22,%22link_text%22:%22%22}%93&#8243; fullwidth_field=&#8220;on&#8220; _builder_version=&#8220;4.4.1&#8243; _dynamic_attributes=&#8220;link_option_url&#8220; link_option_url=&#8220;@ET-DC@eyJkeW5hbWljIjp0cnVlLCJjb250ZW50IjoicG9zdF9saW5rX3VybF9wYWdlIiwic2V0dGluZ3MiOnsicG9zdF9pZCI6IjQ1MiJ9fQ==@&#8220; link_option_url_new_window=&#8220;on&#8220;][\/et_pb_contact_field][\/et_pb_contact_form][\/et_pb_column][\/et_pb_row][\/et_pb_section][et_pb_section fb_built=&#8220;1&#8243; fullwidth=&#8220;on&#8220; _builder_version=&#8220;4.4.1&#8243;][\/et_pb_section]<\/p>\n","protected":false},"excerpt":{"rendered":"<p>Volatile M\u00e4rkte mit gro\u00dfen Verwertungsverschiebungen erfordern eine Neubewertung der Supply Struktur: Rohstoffbasis, Verwertungsmix, Werks- und Logistikstruktur, Absatzm\u00e4rkte. Wie gro\u00df muss ein Werk sein? Skaleneffekte versus Verwertungsflexibilit\u00e4t. Wie sind die Abteilungen und Kapazit\u00e4ten zu konzipieren, wie werden Kuppelprodukte weiter verarbeitet (veredelt)? Flexibilit\u00e4t versus Kostenf\u00fchrerschaft. Wir unterst\u00fctzen Sie bei der Konzeption von Modellen, bei Optimierungs- und bei [&hellip;]<\/p>\n","protected":false},"author":2,"featured_media":0,"parent":2407,"menu_order":12,"comment_status":"closed","ping_status":"closed","template":"","meta":{"_et_pb_use_builder":"on","_et_pb_old_content":"","_et_gb_content_width":"","footnotes":""},"class_list":["post-4820","page","type-page","status-publish","hentry"],"aioseo_notices":[],"_links":{"self":[{"href":"https:\/\/gkc.eu\/de\/wp-json\/wp\/v2\/pages\/4820","targetHints":{"allow":["GET"]}}],"collection":[{"href":"https:\/\/gkc.eu\/de\/wp-json\/wp\/v2\/pages"}],"about":[{"href":"https:\/\/gkc.eu\/de\/wp-json\/wp\/v2\/types\/page"}],"author":[{"embeddable":true,"href":"https:\/\/gkc.eu\/de\/wp-json\/wp\/v2\/users\/2"}],"replies":[{"embeddable":true,"href":"https:\/\/gkc.eu\/de\/wp-json\/wp\/v2\/comments?post=4820"}],"version-history":[{"count":0,"href":"https:\/\/gkc.eu\/de\/wp-json\/wp\/v2\/pages\/4820\/revisions"}],"up":[{"embeddable":true,"href":"https:\/\/gkc.eu\/de\/wp-json\/wp\/v2\/pages\/2407"}],"wp:attachment":[{"href":"https:\/\/gkc.eu\/de\/wp-json\/wp\/v2\/media?parent=4820"}],"curies":[{"name":"wp","href":"https:\/\/api.w.org\/{rel}","templated":true}]}}